{"id":3817,"date":"2024-06-02T17:52:42","date_gmt":"2024-06-02T20:52:42","guid":{"rendered":"https:\/\/summits.estadao.com.br\/esg\/?page_id=3817"},"modified":"2025-08-15T21:00:28","modified_gmt":"2025-08-16T00:00:28","slug":"patrocinadores","status":"publish","type":"page","link":"https:\/\/summits.estadao.com.br\/esg\/patrocinadores\/","title":{"rendered":"Patrocinadores"},"content":{"rendered":"\t\t<div data-elementor-type=\"wp-page\" data-elementor-id=\"3817\" class=\"elementor elementor-3817\">\n\t\t\t\t<div class=\"elementor-element elementor-element-488de5e e-flex e-con-boxed e-con e-parent\" data-id=\"488de5e\" data-element_type=\"container\">\n\t\t\t\t\t<div class=\"e-con-inner\">\n\t\t<div class=\"elementor-element elementor-element-f94b003 e-flex e-con-boxed e-con e-child\" data-id=\"f94b003\" data-element_type=\"container\">\n\t\t\t\t\t<div class=\"e-con-inner\">\n\t\t<div class=\"elementor-element elementor-element-6410aba e-flex e-con-boxed e-con e-child\" data-id=\"6410aba\" data-element_type=\"container\" data-settings=\"{&quot;background_background&quot;:&quot;gradient&quot;}\">\n\t\t\t\t\t<div class=\"e-con-inner\">\n\t\t\t\t<div class=\"elementor-element elementor-element-3158295 elementor-widget__width-inherit elementor-widget elementor-widget-sidebar\" data-id=\"3158295\" data-element_type=\"widget\" data-settings=\"{&quot;ekit_we_effect_on&quot;:&quot;none&quot;}\" data-widget_type=\"sidebar.default\">\n\t\t\t\t<div class=\"elementor-widget-container\">\n\t\t\t<div id=\"custom_html-6\" class=\"widget_text widgets widget_custom_html\"><div class=\"textwidget custom-html-widget\"><!-- \/118650305\/summits-estadao\/esg -->\r\n<div class=\"area-publicidade-rectangular\">\r\n<p>Publicidade<\/p>\r\n\t<div class=\"area-publicidade\">\r\n\t<div id='div-gpt-ad-1727296878462-0' style='min-width: 300px; min-height: 50px;'>\r\n<script>\r\n    googletag.cmd.push(function() { googletag.display('div-gpt-ad-1727296878462-0'); });\r\n  <\/script>\r\n\t<\/div>\r\n<\/div>\r\n<\/div><\/div><\/div> <!-- end widget -->\t\t<\/div>\n\t\t\t\t<\/div>\n\t\t\t\t\t<\/div>\n\t\t\t\t<\/div>\n\t\t\t\t\t<\/div>\n\t\t\t\t<\/div>\n\t\t\t\t\t<\/div>\n\t\t\t\t<\/div>\n\t\t<div class=\"elementor-element elementor-element-dae8b7a e-flex e-con-boxed e-con e-parent\" data-id=\"dae8b7a\" data-element_type=\"container\">\n\t\t\t\t\t<div class=\"e-con-inner\">\n\t\t<div class=\"elementor-element elementor-element-7c1598c e-flex e-con-boxed e-con e-child\" data-id=\"7c1598c\" data-element_type=\"container\">\n\t\t\t\t\t<div class=\"e-con-inner\">\n\t\t<div class=\"elementor-element elementor-element-d892c16 e-flex e-con-boxed e-con e-child\" data-id=\"d892c16\" data-element_type=\"container\">\n\t\t\t\t\t<div class=\"e-con-inner\">\n\t\t<div class=\"elementor-element elementor-element-158b2f6 e-flex e-con-boxed e-con e-child\" data-id=\"158b2f6\" data-element_type=\"container\">\n\t\t\t\t\t<div class=\"e-con-inner\">\n\t\t\t\t<div class=\"elementor-element elementor-element-d1c6623 elementor-widget elementor-widget-exhibz-title\" data-id=\"d1c6623\" data-element_type=\"widget\" data-settings=\"{&quot;ekit_we_effect_on&quot;:&quot;none&quot;}\" data-widget_type=\"exhibz-title.default\">\n\t\t\t\t<div class=\"elementor-widget-container\">\n\t\t\t\n    <div class=\"title-section-area\">\n        <h2 class=\"section-title\">\n            <span class=\"sub-title\">APRESENTA\u00c7\u00c3O<\/span>\n\t\t\t        <\/h2>\n\t\t                    <\/div><!-- Section title -->\n    \n    \n\n    \t\t<\/div>\n\t\t\t\t<\/div>\n\t\t<div class=\"elementor-element elementor-element-6c1cff5 e-grid e-con-boxed e-con e-child\" data-id=\"6c1cff5\" data-element_type=\"container\">\n\t\t\t\t\t<div class=\"e-con-inner\">\n\t\t\t\t<div class=\"elementor-element elementor-element-3f40c10 elementor-widget elementor-widget-image\" data-id=\"3f40c10\" data-element_type=\"widget\" data-settings=\"{&quot;ekit_we_effect_on&quot;:&quot;none&quot;}\" data-widget_type=\"image.default\">\n\t\t\t\t<div class=\"elementor-widget-container\">\n\t\t\t<style>\/*! elementor - v3.21.0 - 26-05-2024 *\/\n.elementor-widget-image{text-align:center}.elementor-widget-image a{display:inline-block}.elementor-widget-image a img[src$=\".svg\"]{width:48px}.elementor-widget-image img{vertical-align:middle;display:inline-block}<\/style>\t\t\t\t\t\t\t\t\t\t<img decoding=\"async\" src=\"https:\/\/summits.estadao.com.br\/esg\/wp-content\/uploads\/elementor\/thumbs\/Ambipar-fundo-braco-r5q5ozbcqqcbusyy5yx9qykugi76idjsk75n7uj4oo.png\" title=\"Ambipar fundo braco\" alt=\"Ambipar fundo braco\" loading=\"lazy\" \/>\t\t\t\t\t\t\t\t\t\t\t\t\t<\/div>\n\t\t\t\t<\/div>\n\t\t\t\t\t<\/div>\n\t\t\t\t<\/div>\n\t\t\t\t\t<\/div>\n\t\t\t\t<\/div>\n\t\t<div class=\"elementor-element elementor-element-7172e04 e-flex e-con-boxed e-con e-child\" data-id=\"7172e04\" data-element_type=\"container\">\n\t\t\t\t\t<div class=\"e-con-inner\">\n\t\t<div class=\"elementor-element elementor-element-7b8d7e6 e-flex e-con-boxed e-con e-child\" data-id=\"7b8d7e6\" data-element_type=\"container\">\n\t\t\t\t\t<div class=\"e-con-inner\">\n\t\t\t\t<div class=\"elementor-element elementor-element-455ee89 elementor-widget elementor-widget-exhibz-title\" data-id=\"455ee89\" data-element_type=\"widget\" data-settings=\"{&quot;ekit_we_effect_on&quot;:&quot;none&quot;}\" data-widget_type=\"exhibz-title.default\">\n\t\t\t\t<div class=\"elementor-widget-container\">\n\t\t\t\n    <div class=\"title-section-area\">\n        <h2 class=\"section-title\">\n            <span class=\"sub-title\">PATROC\u00cdNIO<\/span>\n\t\t\t        <\/h2>\n\t\t                    <\/div><!-- Section title -->\n    \n    \n\n    \t\t<\/div>\n\t\t\t\t<\/div>\n\t\t<div class=\"elementor-element elementor-element-9ed723d e-grid e-con-boxed e-con e-child\" data-id=\"9ed723d\" data-element_type=\"container\">\n\t\t\t\t\t<div class=\"e-con-inner\">\n\t\t\t\t<div class=\"elementor-element elementor-element-492835e elementor-widget elementor-widget-image\" data-id=\"492835e\" data-element_type=\"widget\" data-settings=\"{&quot;ekit_we_effect_on&quot;:&quot;none&quot;}\" data-widget_type=\"image.default\">\n\t\t\t\t<div class=\"elementor-widget-container\">\n\t\t\t\t\t\t\t\t\t\t\t\t\t\t<a href=\"https:\/\/www.bancoamazonia.com.br\/\" target=\"_blank\">\n\t\t\t\t\t\t\t<img decoding=\"async\" src=\"https:\/\/summits.estadao.com.br\/esg\/wp-content\/uploads\/2025\/07\/banco-da-amazonia.png\" title=\"banco-da-amazonia\" alt=\"banco-da-amazonia\" loading=\"lazy\" \/>\t\t\t\t\t\t\t\t<\/a>\n\t\t\t\t\t\t\t\t\t\t\t\t\t<\/div>\n\t\t\t\t<\/div>\n\t\t\t\t<div class=\"elementor-element elementor-element-f777364 elementor-widget elementor-widget-image\" data-id=\"f777364\" data-element_type=\"widget\" data-settings=\"{&quot;ekit_we_effect_on&quot;:&quot;none&quot;}\" data-widget_type=\"image.default\">\n\t\t\t\t<div class=\"elementor-widget-container\">\n\t\t\t\t\t\t\t\t\t\t\t\t\t<img decoding=\"async\" src=\"https:\/\/summits.estadao.com.br\/esg\/wp-content\/uploads\/elementor\/thumbs\/LOGO-BHP-PNG2_Laranja_-r7unlex57ptpgh92d669xo4ryzutd7ng2fslswly4g.png\" title=\"LOGO BHP PNG2_Laranja_\" alt=\"LOGO BHP PNG2_Laranja_\" loading=\"lazy\" \/>\t\t\t\t\t\t\t\t\t\t\t\t\t<\/div>\n\t\t\t\t<\/div>\n\t\t\t\t<div class=\"elementor-element elementor-element-2bc5e12 elementor-widget elementor-widget-image\" data-id=\"2bc5e12\" data-element_type=\"widget\" data-settings=\"{&quot;ekit_we_effect_on&quot;:&quot;none&quot;}\" data-widget_type=\"image.default\">\n\t\t\t\t<div class=\"elementor-widget-container\">\n\t\t\t\t\t\t\t\t\t\t\t\t\t<img decoding=\"async\" width=\"350\" height=\"130\" src=\"https:\/\/summits.estadao.com.br\/esg\/wp-content\/uploads\/2025\/08\/Globo-logo-azul-cmyk-1.png\" class=\"attachment-full size-full wp-image-5625\" alt=\"\" srcset=\"https:\/\/summits.estadao.com.br\/esg\/wp-content\/uploads\/2025\/08\/Globo-logo-azul-cmyk-1.png 350w, https:\/\/summits.estadao.com.br\/esg\/wp-content\/uploads\/2025\/08\/Globo-logo-azul-cmyk-1-300x111.png 300w\" sizes=\"(max-width: 350px) 100vw, 350px\" \/>\t\t\t\t\t\t\t\t\t\t\t\t\t<\/div>\n\t\t\t\t<\/div>\n\t\t\t\t<div class=\"elementor-element elementor-element-61ebbd7 elementor-widget elementor-widget-image\" data-id=\"61ebbd7\" data-element_type=\"widget\" data-settings=\"{&quot;ekit_we_effect_on&quot;:&quot;none&quot;}\" data-widget_type=\"image.default\">\n\t\t\t\t<div class=\"elementor-widget-container\">\n\t\t\t\t\t\t\t\t\t\t\t\t\t\t<a href=\"http:\/\/www.brf-global.com\/\" target=\"_blank\">\n\t\t\t\t\t\t\t<img decoding=\"async\" width=\"300\" height=\"160\" src=\"https:\/\/summits.estadao.com.br\/esg\/wp-content\/uploads\/2025\/04\/Logos-BRF-e-Marfrig.png\" class=\"attachment-large size-large wp-image-5307\" alt=\"\" \/>\t\t\t\t\t\t\t\t<\/a>\n\t\t\t\t\t\t\t\t\t\t\t\t\t<\/div>\n\t\t\t\t<\/div>\n\t\t\t\t<div class=\"elementor-element elementor-element-0791a09 elementor-widget elementor-widget-image\" data-id=\"0791a09\" data-element_type=\"widget\" data-settings=\"{&quot;ekit_we_effect_on&quot;:&quot;none&quot;}\" data-widget_type=\"image.default\">\n\t\t\t\t<div class=\"elementor-widget-container\">\n\t\t\t\t\t\t\t\t\t\t\t\t\t\t<a href=\"https:\/\/www.ype.ind.br\/ype\/sustentabilidade\" target=\"_blank\">\n\t\t\t\t\t\t\t<img decoding=\"async\" src=\"https:\/\/summits.estadao.com.br\/esg\/wp-content\/uploads\/elementor\/thumbs\/logo-ype-2048-1-raaqqcn7axjhiy4dod4e8202d54nxjnnem3is31ts0.png\" title=\"logo-ype-2048 (1)\" alt=\"logo-ype-2048 (1)\" loading=\"lazy\" \/>\t\t\t\t\t\t\t\t<\/a>\n\t\t\t\t\t\t\t\t\t\t\t\t\t<\/div>\n\t\t\t\t<\/div>\n\t\t\t\t\t<\/div>\n\t\t\t\t<\/div>\n\t\t\t\t\t<\/div>\n\t\t\t\t<\/div>\n\t\t\t\t\t<\/div>\n\t\t\t\t<\/div>\n\t\t\t\t\t<\/div>\n\t\t\t\t<\/div>\n\t\t\t\t\t<\/div>\n\t\t\t\t<\/div>\n\t\t\t\t\t<\/div>\n\t\t\t\t<\/div>\n\t\t\t\t<section class=\"elementor-section elementor-top-section elementor-element elementor-element-dbe8496 elementor-section-boxed elementor-section-height-default elementor-section-height-default\" data-id=\"dbe8496\" data-element_type=\"section\" data-settings=\"{&quot;background_background&quot;:&quot;classic&quot;}\">\n\t\t\t\t\t\t<div class=\"elementor-container elementor-column-gap-default\">\n\t\t\t\t\t<div class=\"elementor-column elementor-col-100 elementor-top-column elementor-element elementor-element-c598497\" data-id=\"c598497\" data-element_type=\"column\">\n\t\t\t<div class=\"elementor-widget-wrap elementor-element-populated\">\n\t\t\t\t\t\t<div class=\"elementor-element elementor-element-e6a153f elementor-invisible elementor-widget elementor-widget-exhibz-title\" data-id=\"e6a153f\" data-element_type=\"widget\" data-settings=\"{&quot;_animation&quot;:&quot;fadeInUp&quot;,&quot;_animation_delay&quot;:300,&quot;ekit_we_effect_on&quot;:&quot;none&quot;}\" data-widget_type=\"exhibz-title.default\">\n\t\t\t\t<div class=\"elementor-widget-container\">\n\t\t\t\n    <div class=\"title-section-area\">\n        <h2 class=\"section-title\">\n            <span class=\"sub-title\">Seja nosso<\/span>\n\t\t\t Patrocinador!        <\/h2>\n\t\t                    <\/div><!-- Section title -->\n    \n    \n\n    \t\t<\/div>\n\t\t\t\t<\/div>\n\t\t\t\t\t<\/div>\n\t\t<\/div>\n\t\t\t\t\t<\/div>\n\t\t<\/section>\n\t\t<div class=\"elementor-element elementor-element-149653f e-flex e-con-boxed e-con e-parent\" data-id=\"149653f\" data-element_type=\"container\" data-settings=\"{&quot;background_background&quot;:&quot;classic&quot;}\">\n\t\t\t\t\t<div class=\"e-con-inner\">\n\t\t<div class=\"elementor-element elementor-element-8d47212 e-con-full e-flex e-con e-child\" data-id=\"8d47212\" data-element_type=\"container\">\n\t\t\t\t<div class=\"elementor-element elementor-element-e27296f elementor-widget elementor-widget-text-editor\" data-id=\"e27296f\" data-element_type=\"widget\" data-settings=\"{&quot;ekit_we_effect_on&quot;:&quot;none&quot;}\" data-widget_type=\"text-editor.default\">\n\t\t\t\t<div class=\"elementor-widget-container\">\n\t\t\t<style>\/*! elementor - v3.21.0 - 26-05-2024 *\/\n.elementor-widget-text-editor.elementor-drop-cap-view-stacked .elementor-drop-cap{background-color:#69727d;color:#fff}.elementor-widget-text-editor.elementor-drop-cap-view-framed .elementor-drop-cap{color:#69727d;border:3px solid;background-color:transparent}.elementor-widget-text-editor:not(.elementor-drop-cap-view-default) .elementor-drop-cap{margin-top:8px}.elementor-widget-text-editor:not(.elementor-drop-cap-view-default) .elementor-drop-cap-letter{width:1em;height:1em}.elementor-widget-text-editor .elementor-drop-cap{float:left;text-align:center;line-height:1;font-size:50px}.elementor-widget-text-editor .elementor-drop-cap-letter{display:inline-block}<\/style>\t\t\t\t<span style=\"color: #f2f2f2;\">A edi\u00e7\u00e3o de 2024 do Estad\u00e3o Summit ESG traz muito mais oportunidades de evidenciar a sua marca e fortalecer relacionamentos com o qualificado p\u00fablico do Estad\u00e3o.<\/span><br\/>\n<ul>\n \t<li><span style=\"color: #f2f2f2;\">Networking com renomados especialistas, acad\u00eamicos, empres\u00e1rios, jornalistas e\nprofissionais do setor.<\/span><\/li>\n \t<li><span style=\"color: #f2f2f2;\">Conte\u00fado exclusivo no evento presencial<\/span><\/li>\n \t<li><span style=\"color: #f2f2f2;\">Novos espa\u00e7os para ativa\u00e7\u00f5es das marcas<\/span><\/li>\n \t<li><span style=\"color: #f2f2f2;\">Criar experi\u00eancias diferenciadas<\/span><\/li>\n \t<li><span style=\"color: #f2f2f2;\">Brand speech, com cobertura multim\u00eddia no pr\u00e9 e p\u00f3s-evento<\/span><\/li>\n \t<li><span style=\"color: #f2f2f2;\">Aliar a sua marca \u00e0 transmiss\u00e3o online do conte\u00fado p\u00f3s-evento<\/span><\/li>\n \t<li><span style=\"color: #f2f2f2;\">Happy hour com pocket show<\/span><\/li>\n<\/ul>\n<h4><strong><span style=\"color: #f2f2f2;\">N\u00e3o perca essa oportunidade!<\/span><\/strong><\/h4>\n<span style=\"color: #f2f2f2;\"> Seja um patrocinador e se destaque no mais relevante evento sobre as melhores pr\u00e1ticas de governan\u00e7a, sustentabilidade e gest\u00e3o social do Brasil.<br\/>\nTraga a sua marca para fazer parte!<br\/><br\/>\nClique no bot\u00e3o abaixo e receba uma proposta sob medida para atender as suas expectativas:<\/span>\t\t\t\t\t\t<\/div>\n\t\t\t\t<\/div>\n\t\t\t\t<div class=\"elementor-element elementor-element-fe43fb2 elementor-align-center elementor-widget elementor-widget-button\" data-id=\"fe43fb2\" data-element_type=\"widget\" data-settings=\"{&quot;ekit_we_effect_on&quot;:&quot;none&quot;}\" data-widget_type=\"button.default\">\n\t\t\t\t<div class=\"elementor-widget-container\">\n\t\t\t\t\t<div class=\"elementor-button-wrapper\">\n\t\t\t<a class=\"elementor-button elementor-button-link elementor-size-sm\" href=\"mailto:summit@estadao.com\">\n\t\t\t\t\t\t<span class=\"elementor-button-content-wrapper\">\n\t\t\t\t\t\t<span class=\"elementor-button-icon elementor-align-icon-left\">\n\t\t\t\t<svg aria-hidden=\"true\" class=\"e-font-icon-svg e-far-envelope\" viewBox=\"0 0 512 512\" xmlns=\"http:\/\/www.w3.org\/2000\/svg\"><path d=\"M464 64H48C21.49 64 0 85.49 0 112v288c0 26.51 21.49 48 48 48h416c26.51 0 48-21.49 48-48V112c0-26.51-21.49-48-48-48zm0 48v40.805c-22.422 18.259-58.168 46.651-134.587 106.49-16.841 13.247-50.201 45.072-73.413 44.701-23.208.375-56.579-31.459-73.413-44.701C106.18 199.465 70.425 171.067 48 152.805V112h416zM48 400V214.398c22.914 18.251 55.409 43.862 104.938 82.646 21.857 17.205 60.134 55.186 103.062 54.955 42.717.231 80.509-37.199 103.053-54.947 49.528-38.783 82.032-64.401 104.947-82.653V400H48z\"><\/path><\/svg>\t\t\t<\/span>\n\t\t\t\t\t\t\t\t\t<span class=\"elementor-button-text\">summit@estadao.com<\/span>\n\t\t\t\t\t<\/span>\n\t\t\t\t\t<\/a>\n\t\t<\/div>\n\t\t\t\t<\/div>\n\t\t\t\t<\/div>\n\t\t\t\t<\/div>\n\t\t<div class=\"elementor-element elementor-element-d908b38 e-con-full e-flex e-con e-child\" data-id=\"d908b38\" data-element_type=\"container\">\n\t\t<div class=\"elementor-element elementor-element-7a90e8b e-flex e-con-boxed e-con e-child\" data-id=\"7a90e8b\" data-element_type=\"container\">\n\t\t\t\t\t<div class=\"e-con-inner\">\n\t\t\t\t\t<\/div>\n\t\t\t\t<\/div>\n\t\t\t\t<\/div>\n\t\t\t\t\t<\/div>\n\t\t\t\t<\/div>\n\t\t\t\t<\/div>\n\t\t","protected":false},"excerpt":{"rendered":"<p>APRESENTA\u00c7\u00c3O PATROC\u00cdNIO Seja nosso Patrocinador! A edi\u00e7\u00e3o de 2024 do Estad\u00e3o Summit ESG traz muito mais oportunidades de evidenciar a sua marca e fortalecer relacionamentos com o qualificado p\u00fablico do Estad\u00e3o. Networking com renomados especialistas, acad\u00eamicos, empres\u00e1rios, jornalistas e profissionais do setor. Conte\u00fado exclusivo no evento presencial Novos espa\u00e7os para ativa\u00e7\u00f5es das marcas Criar experi\u00eancias [&hellip;]<\/p>\n","protected":false},"author":2,"featured_media":0,"parent":0,"menu_order":0,"comment_status":"closed","ping_status":"closed","template":"template\/full-width-template.php","meta":{"footnotes":""},"class_list":["post-3817","page","type-page","status-publish","hentry"],"yoast_head":"<!-- This site is optimized with the Yoast SEO plugin v22.8 - https:\/\/yoast.com\/wordpress\/plugins\/seo\/ -->\n<title>Patrocinadores - Estad\u00e3o Summit ESG 2025 | 21 de agosto<\/title>\n<meta name=\"robots\" content=\"index, follow, max-snippet:-1, max-image-preview:large, max-video-preview:-1\" \/>\n<link rel=\"canonical\" href=\"https:\/\/summits.estadao.com.br\/esg\/patrocinadores\/\" \/>\n<meta property=\"og:locale\" content=\"pt_BR\" \/>\n<meta property=\"og:type\" content=\"article\" \/>\n<meta property=\"og:title\" content=\"Patrocinadores - Estad\u00e3o Summit ESG 2025 | 21 de agosto\" \/>\n<meta property=\"og:description\" content=\"APRESENTA\u00c7\u00c3O PATROC\u00cdNIO Seja nosso Patrocinador! A edi\u00e7\u00e3o de 2024 do Estad\u00e3o Summit ESG traz muito mais oportunidades de evidenciar a sua marca e fortalecer relacionamentos com o qualificado p\u00fablico do Estad\u00e3o. Networking com renomados especialistas, acad\u00eamicos, empres\u00e1rios, jornalistas e profissionais do setor. Conte\u00fado exclusivo no evento presencial Novos espa\u00e7os para ativa\u00e7\u00f5es das marcas Criar experi\u00eancias [&hellip;]\" \/>\n<meta property=\"og:url\" content=\"https:\/\/summits.estadao.com.br\/esg\/patrocinadores\/\" \/>\n<meta property=\"og:site_name\" content=\"Estad\u00e3o Summit ESG 2025 | 21 de agosto\" \/>\n<meta property=\"article:modified_time\" content=\"2025-08-16T00:00:28+00:00\" \/>\n<meta property=\"og:image\" content=\"https:\/\/summits.estadao.com.br\/esg\/wp-content\/uploads\/elementor\/thumbs\/Ambipar-fundo-braco-r5q5ozbcqqcbusyy5yx9qykugi76idjsk75n7uj4oo.png\" \/>\n<meta name=\"twitter:card\" content=\"summary_large_image\" \/>\n<meta name=\"twitter:label1\" content=\"Est. tempo de leitura\" \/>\n\t<meta name=\"twitter:data1\" content=\"2 minutos\" \/>\n<script type=\"application\/ld+json\" class=\"yoast-schema-graph\">{\"@context\":\"https:\/\/schema.org\",\"@graph\":[{\"@type\":\"WebPage\",\"@id\":\"https:\/\/summits.estadao.com.br\/esg\/patrocinadores\/\",\"url\":\"https:\/\/summits.estadao.com.br\/esg\/patrocinadores\/\",\"name\":\"Patrocinadores - Estad\u00e3o Summit ESG 2025 | 21 de agosto\",\"isPartOf\":{\"@id\":\"https:\/\/summits.estadao.com.br\/esg\/#website\"},\"primaryImageOfPage\":{\"@id\":\"https:\/\/summits.estadao.com.br\/esg\/patrocinadores\/#primaryimage\"},\"image\":{\"@id\":\"https:\/\/summits.estadao.com.br\/esg\/patrocinadores\/#primaryimage\"},\"thumbnailUrl\":\"https:\/\/summits.estadao.com.br\/esg\/wp-content\/uploads\/elementor\/thumbs\/Ambipar-fundo-braco-r5q5ozbcqqcbusyy5yx9qykugi76idjsk75n7uj4oo.png\",\"datePublished\":\"2024-06-02T20:52:42+00:00\",\"dateModified\":\"2025-08-16T00:00:28+00:00\",\"breadcrumb\":{\"@id\":\"https:\/\/summits.estadao.com.br\/esg\/patrocinadores\/#breadcrumb\"},\"inLanguage\":\"pt-BR\",\"potentialAction\":[{\"@type\":\"ReadAction\",\"target\":[\"https:\/\/summits.estadao.com.br\/esg\/patrocinadores\/\"]}]},{\"@type\":\"ImageObject\",\"inLanguage\":\"pt-BR\",\"@id\":\"https:\/\/summits.estadao.com.br\/esg\/patrocinadores\/#primaryimage\",\"url\":\"https:\/\/summits.estadao.com.br\/esg\/wp-content\/uploads\/elementor\/thumbs\/Ambipar-fundo-braco-r5q5ozbcqqcbusyy5yx9qykugi76idjsk75n7uj4oo.png\",\"contentUrl\":\"https:\/\/summits.estadao.com.br\/esg\/wp-content\/uploads\/elementor\/thumbs\/Ambipar-fundo-braco-r5q5ozbcqqcbusyy5yx9qykugi76idjsk75n7uj4oo.png\"},{\"@type\":\"BreadcrumbList\",\"@id\":\"https:\/\/summits.estadao.com.br\/esg\/patrocinadores\/#breadcrumb\",\"itemListElement\":[{\"@type\":\"ListItem\",\"position\":1,\"name\":\"In\u00edcio\",\"item\":\"https:\/\/summits.estadao.com.br\/esg\/\"},{\"@type\":\"ListItem\",\"position\":2,\"name\":\"Patrocinadores\"}]},{\"@type\":\"WebSite\",\"@id\":\"https:\/\/summits.estadao.com.br\/esg\/#website\",\"url\":\"https:\/\/summits.estadao.com.br\/esg\/\",\"name\":\"Summit ESG 2024\",\"description\":\"EMPRESAS E SOCIEDADE PELA AGENDA 2030 A chave para um futuro mais sustent\u00e1vel e equitativo\",\"publisher\":{\"@id\":\"https:\/\/summits.estadao.com.br\/esg\/#organization\"},\"potentialAction\":[{\"@type\":\"SearchAction\",\"target\":{\"@type\":\"EntryPoint\",\"urlTemplate\":\"https:\/\/summits.estadao.com.br\/esg\/?s={search_term_string}\"},\"query-input\":\"required name=search_term_string\"}],\"inLanguage\":\"pt-BR\"},{\"@type\":\"Organization\",\"@id\":\"https:\/\/summits.estadao.com.br\/esg\/#organization\",\"name\":\"Summit ESG 2024\",\"url\":\"https:\/\/summits.estadao.com.br\/esg\/\",\"logo\":{\"@type\":\"ImageObject\",\"inLanguage\":\"pt-BR\",\"@id\":\"https:\/\/summits.estadao.com.br\/esg\/#\/schema\/logo\/image\/\",\"url\":\"https:\/\/summits.estadao.com.br\/esg\/wp-content\/uploads\/2024\/05\/Logo-SUMMIT-ESG-Sem-fundo-1.png\",\"contentUrl\":\"https:\/\/summits.estadao.com.br\/esg\/wp-content\/uploads\/2024\/05\/Logo-SUMMIT-ESG-Sem-fundo-1.png\",\"width\":300,\"height\":145,\"caption\":\"Summit ESG 2024\"},\"image\":{\"@id\":\"https:\/\/summits.estadao.com.br\/esg\/#\/schema\/logo\/image\/\"}}]}<\/script>\n<!-- \/ Yoast SEO plugin. -->","yoast_head_json":{"title":"Patrocinadores - Estad\u00e3o Summit ESG 2025 | 21 de agosto","robots":{"index":"index","follow":"follow","max-snippet":"max-snippet:-1","max-image-preview":"max-image-preview:large","max-video-preview":"max-video-preview:-1"},"canonical":"https:\/\/summits.estadao.com.br\/esg\/patrocinadores\/","og_locale":"pt_BR","og_type":"article","og_title":"Patrocinadores - Estad\u00e3o Summit ESG 2025 | 21 de agosto","og_description":"APRESENTA\u00c7\u00c3O PATROC\u00cdNIO Seja nosso Patrocinador! A edi\u00e7\u00e3o de 2024 do Estad\u00e3o Summit ESG traz muito mais oportunidades de evidenciar a sua marca e fortalecer relacionamentos com o qualificado p\u00fablico do Estad\u00e3o. Networking com renomados especialistas, acad\u00eamicos, empres\u00e1rios, jornalistas e profissionais do setor. Conte\u00fado exclusivo no evento presencial Novos espa\u00e7os para ativa\u00e7\u00f5es das marcas Criar experi\u00eancias [&hellip;]","og_url":"https:\/\/summits.estadao.com.br\/esg\/patrocinadores\/","og_site_name":"Estad\u00e3o Summit ESG 2025 | 21 de agosto","article_modified_time":"2025-08-16T00:00:28+00:00","og_image":[{"url":"https:\/\/summits.estadao.com.br\/esg\/wp-content\/uploads\/elementor\/thumbs\/Ambipar-fundo-braco-r5q5ozbcqqcbusyy5yx9qykugi76idjsk75n7uj4oo.png"}],"twitter_card":"summary_large_image","twitter_misc":{"Est. tempo de leitura":"2 minutos"},"schema":{"@context":"https:\/\/schema.org","@graph":[{"@type":"WebPage","@id":"https:\/\/summits.estadao.com.br\/esg\/patrocinadores\/","url":"https:\/\/summits.estadao.com.br\/esg\/patrocinadores\/","name":"Patrocinadores - Estad\u00e3o Summit ESG 2025 | 21 de agosto","isPartOf":{"@id":"https:\/\/summits.estadao.com.br\/esg\/#website"},"primaryImageOfPage":{"@id":"https:\/\/summits.estadao.com.br\/esg\/patrocinadores\/#primaryimage"},"image":{"@id":"https:\/\/summits.estadao.com.br\/esg\/patrocinadores\/#primaryimage"},"thumbnailUrl":"https:\/\/summits.estadao.com.br\/esg\/wp-content\/uploads\/elementor\/thumbs\/Ambipar-fundo-braco-r5q5ozbcqqcbusyy5yx9qykugi76idjsk75n7uj4oo.png","datePublished":"2024-06-02T20:52:42+00:00","dateModified":"2025-08-16T00:00:28+00:00","breadcrumb":{"@id":"https:\/\/summits.estadao.com.br\/esg\/patrocinadores\/#breadcrumb"},"inLanguage":"pt-BR","potentialAction":[{"@type":"ReadAction","target":["https:\/\/summits.estadao.com.br\/esg\/patrocinadores\/"]}]},{"@type":"ImageObject","inLanguage":"pt-BR","@id":"https:\/\/summits.estadao.com.br\/esg\/patrocinadores\/#primaryimage","url":"https:\/\/summits.estadao.com.br\/esg\/wp-content\/uploads\/elementor\/thumbs\/Ambipar-fundo-braco-r5q5ozbcqqcbusyy5yx9qykugi76idjsk75n7uj4oo.png","contentUrl":"https:\/\/summits.estadao.com.br\/esg\/wp-content\/uploads\/elementor\/thumbs\/Ambipar-fundo-braco-r5q5ozbcqqcbusyy5yx9qykugi76idjsk75n7uj4oo.png"},{"@type":"BreadcrumbList","@id":"https:\/\/summits.estadao.com.br\/esg\/patrocinadores\/#breadcrumb","itemListElement":[{"@type":"ListItem","position":1,"name":"In\u00edcio","item":"https:\/\/summits.estadao.com.br\/esg\/"},{"@type":"ListItem","position":2,"name":"Patrocinadores"}]},{"@type":"WebSite","@id":"https:\/\/summits.estadao.com.br\/esg\/#website","url":"https:\/\/summits.estadao.com.br\/esg\/","name":"Summit ESG 2024","description":"EMPRESAS E SOCIEDADE PELA AGENDA 2030 A chave para um futuro mais sustent\u00e1vel e equitativo","publisher":{"@id":"https:\/\/summits.estadao.com.br\/esg\/#organization"},"potentialAction":[{"@type":"SearchAction","target":{"@type":"EntryPoint","urlTemplate":"https:\/\/summits.estadao.com.br\/esg\/?s={search_term_string}"},"query-input":"required name=search_term_string"}],"inLanguage":"pt-BR"},{"@type":"Organization","@id":"https:\/\/summits.estadao.com.br\/esg\/#organization","name":"Summit ESG 2024","url":"https:\/\/summits.estadao.com.br\/esg\/","logo":{"@type":"ImageObject","inLanguage":"pt-BR","@id":"https:\/\/summits.estadao.com.br\/esg\/#\/schema\/logo\/image\/","url":"https:\/\/summits.estadao.com.br\/esg\/wp-content\/uploads\/2024\/05\/Logo-SUMMIT-ESG-Sem-fundo-1.png","contentUrl":"https:\/\/summits.estadao.com.br\/esg\/wp-content\/uploads\/2024\/05\/Logo-SUMMIT-ESG-Sem-fundo-1.png","width":300,"height":145,"caption":"Summit ESG 2024"},"image":{"@id":"https:\/\/summits.estadao.com.br\/esg\/#\/schema\/logo\/image\/"}}]}},"_links":{"self":[{"href":"https:\/\/summits.estadao.com.br\/esg\/wp-json\/wp\/v2\/pages\/3817","targetHints":{"allow":["GET"]}}],"collection":[{"href":"https:\/\/summits.estadao.com.br\/esg\/wp-json\/wp\/v2\/pages"}],"about":[{"href":"https:\/\/summits.estadao.com.br\/esg\/wp-json\/wp\/v2\/types\/page"}],"author":[{"embeddable":true,"href":"https:\/\/summits.estadao.com.br\/esg\/wp-json\/wp\/v2\/users\/2"}],"replies":[{"embeddable":true,"href":"https:\/\/summits.estadao.com.br\/esg\/wp-json\/wp\/v2\/comments?post=3817"}],"version-history":[{"count":148,"href":"https:\/\/summits.estadao.com.br\/esg\/wp-json\/wp\/v2\/pages\/3817\/revisions"}],"predecessor-version":[{"id":5679,"href":"https:\/\/summits.estadao.com.br\/esg\/wp-json\/wp\/v2\/pages\/3817\/revisions\/5679"}],"wp:attachment":[{"href":"https:\/\/summits.estadao.com.br\/esg\/wp-json\/wp\/v2\/media?parent=3817"}],"curies":[{"name":"wp","href":"https:\/\/api.w.org\/{rel}","templated":true}]}}